{"id":115,"date":"2022-10-18T13:31:39","date_gmt":"2022-10-18T11:31:39","guid":{"rendered":"https:\/\/massagelise.com\/?page_id=115"},"modified":"2026-03-12T10:41:37","modified_gmt":"2026-03-12T09:41:37","slug":"accueil","status":"publish","type":"page","link":"https:\/\/massagelise.com\/","title":{"rendered":"Une s\u00e9ance avec \u00c9LISE"},"content":{"rendered":"\t\t<div data-elementor-type=\"wp-page\" data-elementor-id=\"115\" class=\"elementor elementor-115\">\n\t\t\t\t\t\t<section class=\"elementor-section elementor-top-section elementor-element elementor-element-139e8c3b elementor-section-boxed elementor-section-height-default elementor-section-height-default\" data-id=\"139e8c3b\" data-element_type=\"section\" data-settings=\"{&quot;background_background&quot;:&quot;classic&quot;}\">\n\t\t\t\t\t\t<div class=\"elementor-container elementor-column-gap-default\">\n\t\t\t\t\t<div class=\"elementor-column elementor-col-100 elementor-top-column elementor-element elementor-element-1a37176e\" data-id=\"1a37176e\" data-element_type=\"column\">\n\t\t\t<div class=\"elementor-widget-wrap elementor-element-populated\">\n\t\t\t\t\t\t<div class=\"elementor-element elementor-element-3a16626 elementor-widget elementor-widget-text-editor\" data-id=\"3a16626\" data-element_type=\"widget\" data-widget_type=\"text-editor.default\">\n\t\t\t\t<div class=\"elementor-widget-container\">\n\t\t\t\t\t\t\t\t\t<p>Je propose <b><span style=\"color: #f3d617;\">un temps de discussion et d&rsquo;\u00e9change<\/span><\/b> en d\u00e9but de s\u00e9ance, afin de nous rencontrer et de prendre le pouls de votre \u00e9tat et de vos besoins. Il s&rsquo;agit d&rsquo;un moment d&rsquo;\u00e9coute pour proposer ensuite <b><span style=\"color: #f3d617;\">une s\u00e9ance personnalis\u00e9e<\/span><\/b>. Je suis attentive aux d\u00e9tails de chaque corps dans sa singularit\u00e9.<\/p><p>Ensuite, la pratique du massage dure environ 1h30.<span style=\"color: #f3d617;\">\u00a0<b>Prendre le temps<\/b> <\/span>permet un rel\u00e2chement g\u00e9n\u00e9ral du corps, du syst\u00e8me nerveux, du mental.<\/p><p>Je propose enfin un\u00a0<b><span style=\"color: #f3d617;\">temps d&rsquo;int\u00e9gration<\/span><\/b> rien que pour vous : il s&rsquo;agit d&rsquo;un moment d\u2019attention ouverte \u00e0 ce qui se vit dans vos corps, afin de faire une transition progressive vers vos deux pieds sur terre.<\/p><p>La libert\u00e9 et le confort de la personne mass\u00e9e sont essentiels pour moi, je veille donc \u00e0 proposer un espace s\u00e9curisant, propre et ouvert \u00e0 la discussion.<\/p>\t\t\t\t\t\t\t\t<\/div>\n\t\t\t\t<\/div>\n\t\t\t\t\t<\/div>\n\t\t<\/div>\n\t\t\t\t\t<\/div>\n\t\t<\/section>\n\t\t\t\t<nav class=\"elementor-section elementor-top-section elementor-element elementor-element-ae16b95 elementor-section-boxed elementor-section-height-default elementor-section-height-default\" data-id=\"ae16b95\" data-element_type=\"section\">\n\t\t\t\t\t\t<div class=\"elementor-container elementor-column-gap-default\">\n\t\t\t\t\t<nav class=\"elementor-column elementor-col-50 elementor-top-column elementor-element elementor-element-fac974f\" data-id=\"fac974f\" data-element_type=\"column\" data-settings=\"{&quot;background_background&quot;:&quot;classic&quot;}\">\n\t\t\t<div class=\"elementor-widget-wrap elementor-element-populated\">\n\t\t\t\t\t<div class=\"elementor-background-overlay\"><\/div>\n\t\t\t\t\t\t<div class=\"elementor-element elementor-element-ab7f381 elementor-widget-mobile__width-initial elementor-widget__width-initial elementor-widget elementor-widget-toggle\" data-id=\"ab7f381\" data-element_type=\"widget\" data-settings=\"{&quot;_animation&quot;:&quot;none&quot;}\" data-widget_type=\"toggle.default\">\n\t\t\t\t<div class=\"elementor-widget-container\">\n\t\t\t\t\t\t\t<div class=\"elementor-toggle\">\n\t\t\t\t\t\t\t<div class=\"elementor-toggle-item\">\n\t\t\t\t\t<div id=\"elementor-tab-title-1791\" class=\"elementor-tab-title\" data-tab=\"1\" role=\"button\" aria-controls=\"elementor-tab-content-1791\" aria-expanded=\"false\">\n\t\t\t\t\t\t\t\t\t\t\t\t<span class=\"elementor-toggle-icon elementor-toggle-icon-left\" aria-hidden=\"true\">\n\t\t\t\t\t\t\t\t\t\t\t\t\t\t\t<span class=\"elementor-toggle-icon-closed\"><i class=\"fas fa-caret-right\"><\/i><\/span>\n\t\t\t\t\t\t\t\t<span class=\"elementor-toggle-icon-opened\"><i class=\"elementor-toggle-icon-opened fas fa-caret-up\"><\/i><\/span>\n\t\t\t\t\t\t\t\t\t\t\t\t\t<\/span>\n\t\t\t\t\t\t\t\t\t\t\t\t<a class=\"elementor-toggle-title\" tabindex=\"0\">MASSAGE SUR FUTON<\/a>\n\t\t\t\t\t<\/div>\n\n\t\t\t\t\t<div id=\"elementor-tab-content-1791\" class=\"elementor-tab-content elementor-clearfix\" data-tab=\"1\" role=\"region\" aria-labelledby=\"elementor-tab-title-1791\"><p>Une s\u00e9ance au sol se pratique sur un futon, dans une tenue souple et en coton de pr\u00e9f\u00e9rence.<\/p><p class=\"MsoNormal\">Massage sur-mesure, je cr\u00e9e la s\u00e9ance en fonction de vos besoins.<\/p><p class=\"MsoNormal\">Pressions, \u00e9tirements, mobilisations et bercements permettent une stimulation de la circulation sanguine et lymphatique, un assouplissement articulaire et une meilleure conscience globale de votre corps.<\/p><p class=\"MsoNormal\">La s\u00e9ance\u00a0 sur futon am\u00e8ne un r\u00e9el abandon du poids du corps et un ralentissement de l&rsquo;agitation mentale.<\/p><\/div>\n\t\t\t\t<\/div>\n\t\t\t\t\t\t\t\t<\/div>\n\t\t\t\t\t\t<\/div>\n\t\t\t\t<\/div>\n\t\t\t\t\t<\/div>\n\t\t<\/nav>\n\t\t\t\t<nav class=\"elementor-column elementor-col-50 elementor-top-column elementor-element elementor-element-e531edc\" data-id=\"e531edc\" data-element_type=\"column\" data-settings=\"{&quot;background_background&quot;:&quot;classic&quot;}\">\n\t\t\t<div class=\"elementor-widget-wrap elementor-element-populated\">\n\t\t\t\t\t<div class=\"elementor-background-overlay\"><\/div>\n\t\t\t\t\t\t<div class=\"elementor-element elementor-element-c58d130 elementor-widget__width-initial elementor-widget-mobile__width-initial elementor-widget elementor-widget-toggle\" data-id=\"c58d130\" data-element_type=\"widget\" data-settings=\"{&quot;_animation&quot;:&quot;none&quot;}\" data-widget_type=\"toggle.default\">\n\t\t\t\t<div class=\"elementor-widget-container\">\n\t\t\t\t\t\t\t<div class=\"elementor-toggle\">\n\t\t\t\t\t\t\t<div class=\"elementor-toggle-item\">\n\t\t\t\t\t<div id=\"elementor-tab-title-2071\" class=\"elementor-tab-title\" data-tab=\"1\" role=\"button\" aria-controls=\"elementor-tab-content-2071\" aria-expanded=\"false\">\n\t\t\t\t\t\t\t\t\t\t\t\t<span class=\"elementor-toggle-icon elementor-toggle-icon-left\" aria-hidden=\"true\">\n\t\t\t\t\t\t\t\t\t\t\t\t\t\t\t<span class=\"elementor-toggle-icon-closed\"><i class=\"fas fa-caret-right\"><\/i><\/span>\n\t\t\t\t\t\t\t\t<span class=\"elementor-toggle-icon-opened\"><i class=\"elementor-toggle-icon-opened fas fa-caret-up\"><\/i><\/span>\n\t\t\t\t\t\t\t\t\t\t\t\t\t<\/span>\n\t\t\t\t\t\t\t\t\t\t\t\t<a class=\"elementor-toggle-title\" tabindex=\"0\">MASSAGE SUR TABLE<\/a>\n\t\t\t\t\t<\/div>\n\n\t\t\t\t\t<div id=\"elementor-tab-content-2071\" class=\"elementor-tab-content elementor-clearfix\" data-tab=\"1\" role=\"region\" aria-labelledby=\"elementor-tab-title-2071\"><p>Doux et puissant, mon massage se construit selon l&rsquo;\u00e9change avec vous et l&rsquo;intention du jour.<\/p><p>Je m&rsquo;appuie sur mes connaissances anatomiques et physiologiques alli\u00e9es \u00e0 mon \u00e9coute et mon toucher pour cr\u00e9er un massage sur-mesure. Le massage sur table est comme une danse pour moi.<\/p><p>J&rsquo;utilise de la cire de massage et de l&rsquo;huile de s\u00e9same bio et aime travailler \u00e9galement par dessus le drap.<\/p><p>Profond\u00e9ment relaxant, le massage sera adapt\u00e9 \u00e0 vos besoins, tr\u00e8s respectueux du corps et cr\u00e9atif.<\/p><\/div>\n\t\t\t\t<\/div>\n\t\t\t\t\t\t\t\t<\/div>\n\t\t\t\t\t\t<\/div>\n\t\t\t\t<\/div>\n\t\t\t\t\t<\/div>\n\t\t<\/nav>\n\t\t\t\t\t<\/div>\n\t\t<\/nav>\n\t\t\t\t<nav class=\"elementor-section elementor-top-section elementor-element elementor-element-50ccbb2 elementor-section-full_width elementor-section-content-middle elementor-section-height-default elementor-section-height-default\" data-id=\"50ccbb2\" data-element_type=\"section\">\n\t\t\t\t\t\t<div class=\"elementor-container elementor-column-gap-default\">\n\t\t\t\t\t<div class=\"elementor-column elementor-col-100 elementor-top-column elementor-element elementor-element-f258336\" data-id=\"f258336\" data-element_type=\"column\">\n\t\t\t<div class=\"elementor-widget-wrap elementor-element-populated\">\n\t\t\t\t\t\t<div class=\"elementor-element elementor-element-649b730 elementor-widget__width-initial elementor-widget-mobile__width-initial elementor-widget elementor-widget-toggle\" data-id=\"649b730\" data-element_type=\"widget\" data-settings=\"{&quot;_animation&quot;:&quot;none&quot;}\" data-widget_type=\"toggle.default\">\n\t\t\t\t<div class=\"elementor-widget-container\">\n\t\t\t\t\t\t\t<div class=\"elementor-toggle\">\n\t\t\t\t\t\t\t<div class=\"elementor-toggle-item\">\n\t\t\t\t\t<div id=\"elementor-tab-title-1051\" class=\"elementor-tab-title\" data-tab=\"1\" role=\"button\" aria-controls=\"elementor-tab-content-1051\" aria-expanded=\"false\">\n\t\t\t\t\t\t\t\t\t\t\t\t<span class=\"elementor-toggle-icon elementor-toggle-icon-left\" aria-hidden=\"true\">\n\t\t\t\t\t\t\t\t\t\t\t\t\t\t\t<span class=\"elementor-toggle-icon-closed\"><i class=\"fas fa-caret-right\"><\/i><\/span>\n\t\t\t\t\t\t\t\t<span class=\"elementor-toggle-icon-opened\"><i class=\"elementor-toggle-icon-opened fas fa-caret-up\"><\/i><\/span>\n\t\t\t\t\t\t\t\t\t\t\t\t\t<\/span>\n\t\t\t\t\t\t\t\t\t\t\t\t<a class=\"elementor-toggle-title\" tabindex=\"0\">YOGA PRENATAL<\/a>\n\t\t\t\t\t<\/div>\n\n\t\t\t\t\t<div id=\"elementor-tab-content-1051\" class=\"elementor-tab-content elementor-clearfix\" data-tab=\"1\" role=\"region\" aria-labelledby=\"elementor-tab-title-1051\"><p>Je vous accompagne dans votre mobilit\u00e9 et votre aisance posturale pendant la grossesse. Je suis \u00e9galement danseuse et masseuse professionnelle, des pratiques que j\u2019int\u00e8gre dans mon enseignement pour proposer des s\u00e9ances adapt\u00e9es \u00e0 chacune. Mes outils posturaux permettent de soutenir un suivi en pr\u00e9natal pertinent, qualitatif et adapt\u00e9.\u00a0<\/p><\/div>\n\t\t\t\t<\/div>\n\t\t\t\t\t\t\t\t<\/div>\n\t\t\t\t\t\t<\/div>\n\t\t\t\t<\/div>\n\t\t\t\t<section class=\"elementor-section elementor-inner-section elementor-element elementor-element-63cda61 elementor-section-boxed elementor-section-height-default elementor-section-height-default\" data-id=\"63cda61\" data-element_type=\"section\">\n\t\t\t\t\t\t<div class=\"elementor-container elementor-column-gap-default\">\n\t\t\t\t\t<div class=\"elementor-column elementor-col-100 elementor-inner-column elementor-element elementor-element-e20fb67\" data-id=\"e20fb67\" data-element_type=\"column\">\n\t\t\t<div class=\"elementor-widget-wrap elementor-element-populated\">\n\t\t\t\t\t\t<div class=\"elementor-element elementor-element-423873c elementor-widget elementor-widget-text-editor\" data-id=\"423873c\" data-element_type=\"widget\" data-widget_type=\"text-editor.default\">\n\t\t\t\t<div class=\"elementor-widget-container\">\n\t\t\t\t\t\t\t\t\t<p>\u00a0\u00a0\u00a0 <a href=\"http:\/\/massagelise.com\/index.php\/perinatalite\/\">En lire plus&#8230;<\/a><\/p>\t\t\t\t\t\t\t\t<\/div>\n\t\t\t\t<\/div>\n\t\t\t\t\t<\/div>\n\t\t<\/div>\n\t\t\t\t\t<\/div>\n\t\t<\/section>\n\t\t\t\t\t<\/div>\n\t\t<\/div>\n\t\t\t\t\t<\/div>\n\t\t<\/nav>\n\t\t\t\t<section class=\"elementor-section elementor-top-section elementor-element elementor-element-b45143e elementor-section-boxed elementor-section-height-default elementor-section-height-default\" data-id=\"b45143e\" data-element_type=\"section\">\n\t\t\t\t\t\t<div class=\"elementor-container elementor-column-gap-default\">\n\t\t\t\t\t<div class=\"elementor-column elementor-col-100 elementor-top-column elementor-element elementor-element-44daabd\" data-id=\"44daabd\" data-element_type=\"column\">\n\t\t\t<div class=\"elementor-widget-wrap elementor-element-populated\">\n\t\t\t\t\t\t<div class=\"elementor-element elementor-element-945ed84 elementor-align-center elementor-widget elementor-widget-button\" data-id=\"945ed84\" data-element_type=\"widget\" data-widget_type=\"button.default\">\n\t\t\t\t<div class=\"elementor-widget-container\">\n\t\t\t\t\t\t\t\t\t<div class=\"elementor-button-wrapper\">\n\t\t\t\t\t<a class=\"elementor-button elementor-button-link elementor-size-lg\" href=\"http:\/\/massagelise.com\/index.php\/me-contacter\/\">\n\t\t\t\t\t\t<span class=\"elementor-button-content-wrapper\">\n\t\t\t\t\t\t\t\t\t<span class=\"elementor-button-text\">Prendre rendez-vous<\/span>\n\t\t\t\t\t<\/span>\n\t\t\t\t\t<\/a>\n\t\t\t\t<\/div>\n\t\t\t\t\t\t\t\t<\/div>\n\t\t\t\t<\/div>\n\t\t\t\t\t<\/div>\n\t\t<\/div>\n\t\t\t\t\t<\/div>\n\t\t<\/section>\n\t\t\t\t<section class=\"elementor-section elementor-top-section elementor-element elementor-element-492db2b elementor-section-boxed elementor-section-height-default elementor-section-height-default\" data-id=\"492db2b\" data-element_type=\"section\">\n\t\t\t\t\t\t<div class=\"elementor-container elementor-column-gap-default\">\n\t\t\t\t\t<div class=\"elementor-column elementor-col-100 elementor-top-column elementor-element elementor-element-1f02e89\" data-id=\"1f02e89\" data-element_type=\"column\">\n\t\t\t<div class=\"elementor-widget-wrap elementor-element-populated\">\n\t\t\t\t\t\t<section class=\"elementor-section elementor-inner-section elementor-element elementor-element-9793137 elementor-section-boxed elementor-section-height-default elementor-section-height-default\" data-id=\"9793137\" data-element_type=\"section\">\n\t\t\t\t\t\t<div class=\"elementor-container elementor-column-gap-default\">\n\t\t\t\t\t<div class=\"elementor-column elementor-col-33 elementor-inner-column elementor-element elementor-element-1bd2d77\" data-id=\"1bd2d77\" data-element_type=\"column\">\n\t\t\t<div class=\"elementor-widget-wrap elementor-element-populated\">\n\t\t\t\t\t\t<div class=\"elementor-element elementor-element-1643226 e-transform e-transform elementor-widget elementor-widget-image\" data-id=\"1643226\" data-element_type=\"widget\" data-settings=\"{&quot;_transform_translateX_effect&quot;:{&quot;unit&quot;:&quot;px&quot;,&quot;size&quot;:0,&quot;sizes&quot;:[]},&quot;_transform_scale_effect&quot;:{&quot;unit&quot;:&quot;px&quot;,&quot;size&quot;:1,&quot;sizes&quot;:[]},&quot;_transform_translateX_effect_tablet&quot;:{&quot;unit&quot;:&quot;px&quot;,&quot;size&quot;:&quot;&quot;,&quot;sizes&quot;:[]},&quot;_transform_translateX_effect_mobile&quot;:{&quot;unit&quot;:&quot;px&quot;,&quot;size&quot;:&quot;&quot;,&quot;sizes&quot;:[]},&quot;_transform_translateY_effect&quot;:{&quot;unit&quot;:&quot;px&quot;,&quot;size&quot;:&quot;&quot;,&quot;sizes&quot;:[]},&quot;_transform_translateY_effect_tablet&quot;:{&quot;unit&quot;:&quot;px&quot;,&quot;size&quot;:&quot;&quot;,&quot;sizes&quot;:[]},&quot;_transform_translateY_effect_mobile&quot;:{&quot;unit&quot;:&quot;px&quot;,&quot;size&quot;:&quot;&quot;,&quot;sizes&quot;:[]},&quot;_transform_scale_effect_tablet&quot;:{&quot;unit&quot;:&quot;px&quot;,&quot;size&quot;:&quot;&quot;,&quot;sizes&quot;:[]},&quot;_transform_scale_effect_mobile&quot;:{&quot;unit&quot;:&quot;px&quot;,&quot;size&quot;:&quot;&quot;,&quot;sizes&quot;:[]}}\" data-widget_type=\"image.default\">\n\t\t\t\t<div class=\"elementor-widget-container\">\n\t\t\t\t\t\t\t\t\t\t\t\t\t\t\t<img fetchpriority=\"high\" decoding=\"async\" width=\"746\" height=\"1024\" src=\"https:\/\/massagelise.com\/wp-content\/uploads\/2025\/10\/IMG-20220520-WA0039-e1760605852912-746x1024.jpg\" class=\"attachment-large size-large wp-image-958\" alt=\"\" srcset=\"https:\/\/massagelise.com\/wp-content\/uploads\/2025\/10\/IMG-20220520-WA0039-e1760605852912-746x1024.jpg 746w, https:\/\/massagelise.com\/wp-content\/uploads\/2025\/10\/IMG-20220520-WA0039-e1760605852912-219x300.jpg 219w, https:\/\/massagelise.com\/wp-content\/uploads\/2025\/10\/IMG-20220520-WA0039-e1760605852912-768x1054.jpg 768w, https:\/\/massagelise.com\/wp-content\/uploads\/2025\/10\/IMG-20220520-WA0039-e1760605852912.jpg 1064w\" sizes=\"100vw\" \/>\t\t\t\t\t\t\t\t\t\t\t\t\t\t\t<\/div>\n\t\t\t\t<\/div>\n\t\t\t\t\t<\/div>\n\t\t<\/div>\n\t\t\t\t<div class=\"elementor-column elementor-col-66 elementor-inner-column elementor-element elementor-element-eeeb525\" data-id=\"eeeb525\" data-element_type=\"column\">\n\t\t\t<div class=\"elementor-widget-wrap elementor-element-populated\">\n\t\t\t\t\t\t<div class=\"elementor-element elementor-element-9dcd095 elementor-widget elementor-widget-text-editor\" data-id=\"9dcd095\" data-element_type=\"widget\" data-widget_type=\"text-editor.default\">\n\t\t\t\t<div class=\"elementor-widget-container\">\n\t\t\t\t\t\t\t\t\t<p>Je suis \u00e0 l\u2019\u00e9coute, cr\u00e9ative et disponible pour chacun.e afin de cr\u00e9er un temps de voyage \u00e0 travers le corps et ses sensations.<\/p>\t\t\t\t\t\t\t\t<\/div>\n\t\t\t\t<\/div>\n\t\t\t\t<div class=\"elementor-element elementor-element-8c9e163 elementor-widget elementor-widget-text-editor\" data-id=\"8c9e163\" data-element_type=\"widget\" data-widget_type=\"text-editor.default\">\n\t\t\t\t<div class=\"elementor-widget-container\">\n\t\t\t\t\t\t\t\t\t<p style=\"text-align: right;\">&#8211; Elise BOILEAU &#8211;<\/p>\t\t\t\t\t\t\t\t<\/div>\n\t\t\t\t<\/div>\n\t\t\t\t<div class=\"elementor-element elementor-element-db13e6e elementor-widget elementor-widget-text-editor\" data-id=\"db13e6e\" data-element_type=\"widget\" data-widget_type=\"text-editor.default\">\n\t\t\t\t<div class=\"elementor-widget-container\">\n\t\t\t\t\t\t\t\t\t<p><a href=\"https:\/\/massagelise.com\/index.php\/mon-parcours\/\">En lire plus&#8230;<\/a><\/p>\t\t\t\t\t\t\t\t<\/div>\n\t\t\t\t<\/div>\n\t\t\t\t\t<\/div>\n\t\t<\/div>\n\t\t\t\t\t<\/div>\n\t\t<\/section>\n\t\t\t\t\t<\/div>\n\t\t<\/div>\n\t\t\t\t\t<\/div>\n\t\t<\/section>\n\t\t\t\t<\/div>\n\t\t","protected":false},"excerpt":{"rendered":"<p>Je propose un temps de discussion et d&rsquo;\u00e9change en d\u00e9but de s\u00e9ance, afin de nous rencontrer et de prendre le pouls de votre \u00e9tat et de vos besoins. Il s&rsquo;agit d&rsquo;un moment d&rsquo;\u00e9coute pour proposer ensuite une s\u00e9ance personnalis\u00e9e. Je suis attentive aux d\u00e9tails de chaque corps dans sa singularit\u00e9. Ensuite, la pratique du massage &hellip; <\/p>\n<p class=\"link-more\"><a href=\"https:\/\/massagelise.com\/\" class=\"more-link\">Lire la suite de<span class=\"screen-reader-text\">\u00ab\u00a0Une s\u00e9ance avec \u00c9LISE\u00a0\u00bb<\/span><\/a><\/p>\n","protected":false},"author":1,"featured_media":0,"parent":0,"menu_order":0,"comment_status":"closed","ping_status":"closed","template":"","meta":{"footnotes":""},"class_list":["post-115","page","type-page","status-publish","hentry"],"_links":{"self":[{"href":"https:\/\/massagelise.com\/index.php\/wp-json\/wp\/v2\/pages\/115","targetHints":{"allow":["GET"]}}],"collection":[{"href":"https:\/\/massagelise.com\/index.php\/wp-json\/wp\/v2\/pages"}],"about":[{"href":"https:\/\/massagelise.com\/index.php\/wp-json\/wp\/v2\/types\/page"}],"author":[{"embeddable":true,"href":"https:\/\/massagelise.com\/index.php\/wp-json\/wp\/v2\/users\/1"}],"replies":[{"embeddable":true,"href":"https:\/\/massagelise.com\/index.php\/wp-json\/wp\/v2\/comments?post=115"}],"version-history":[{"count":265,"href":"https:\/\/massagelise.com\/index.php\/wp-json\/wp\/v2\/pages\/115\/revisions"}],"predecessor-version":[{"id":1000,"href":"https:\/\/massagelise.com\/index.php\/wp-json\/wp\/v2\/pages\/115\/revisions\/1000"}],"wp:attachment":[{"href":"https:\/\/massagelise.com\/index.php\/wp-json\/wp\/v2\/media?parent=115"}],"curies":[{"name":"wp","href":"https:\/\/api.w.org\/{rel}","templated":true}]}}