{"id":175,"date":"2022-10-18T16:35:08","date_gmt":"2022-10-18T14:35:08","guid":{"rendered":"https:\/\/massagelise.com\/?page_id=175"},"modified":"2026-02-11T10:32:00","modified_gmt":"2026-02-11T09:32:00","slug":"tarifs","status":"publish","type":"page","link":"https:\/\/massagelise.com\/index.php\/tarifs\/","title":{"rendered":"Tarifs"},"content":{"rendered":"\t\t<div data-elementor-type=\"wp-page\" data-elementor-id=\"175\" class=\"elementor elementor-175\">\n\t\t\t\t\t\t<section class=\"elementor-section elementor-top-section elementor-element elementor-element-6c650c8 elementor-section-boxed elementor-section-height-default elementor-section-height-default\" data-id=\"6c650c8\" data-element_type=\"section\">\n\t\t\t\t\t\t<div class=\"elementor-container elementor-column-gap-default\">\n\t\t\t\t\t<div class=\"elementor-column elementor-col-100 elementor-top-column elementor-element elementor-element-e48e02d\" data-id=\"e48e02d\" data-element_type=\"column\">\n\t\t\t<div class=\"elementor-widget-wrap elementor-element-populated\">\n\t\t\t\t\t\t<div class=\"elementor-element elementor-element-4c6ba00 elementor-widget elementor-widget-heading\" data-id=\"4c6ba00\" data-element_type=\"widget\" data-widget_type=\"heading.default\">\n\t\t\t\t<div class=\"elementor-widget-container\">\n\t\t\t\t\t<h2 class=\"elementor-heading-title elementor-size-medium\"><b>La s\u00e9ance<\/b><\/h2>\t\t\t\t<\/div>\n\t\t\t\t<\/div>\n\t\t\t\t<div class=\"elementor-element elementor-element-e8e45c0 elementor-widget elementor-widget-text-editor\" data-id=\"e8e45c0\" data-element_type=\"widget\" data-widget_type=\"text-editor.default\">\n\t\t\t\t<div class=\"elementor-widget-container\">\n\t\t\t\t\t\t\t\t\t<p>Massage personnalis\u00e9 selon vos besoins du jour<\/p><p><strong>1h30 \u2192 90 \u20ac<\/strong> (la s\u00e9ance dure environ 1h45 \u00e0 2h)<\/p><p>\u00a0*<em>Je propose un tarif solidaire sur demande. Merci de me contacter pour en discuter.<\/em><\/p>\t\t\t\t\t\t\t\t<\/div>\n\t\t\t\t<\/div>\n\t\t\t\t\t<\/div>\n\t\t<\/div>\n\t\t\t\t\t<\/div>\n\t\t<\/section>\n\t\t\t\t<section class=\"elementor-section elementor-top-section elementor-element elementor-element-c8be6af elementor-section-boxed elementor-section-height-default elementor-section-height-default\" data-id=\"c8be6af\" data-element_type=\"section\">\n\t\t\t\t\t\t<div class=\"elementor-container elementor-column-gap-default\">\n\t\t\t\t\t<div class=\"elementor-column elementor-col-100 elementor-top-column elementor-element elementor-element-1d5d1a4\" data-id=\"1d5d1a4\" data-element_type=\"column\">\n\t\t\t<div class=\"elementor-widget-wrap elementor-element-populated\">\n\t\t\t\t\t\t<div class=\"elementor-element elementor-element-d126b77 elementor-widget elementor-widget-heading\" data-id=\"d126b77\" data-element_type=\"widget\" data-widget_type=\"heading.default\">\n\t\t\t\t<div class=\"elementor-widget-container\">\n\t\t\t\t\t<h2 class=\"elementor-heading-title elementor-size-medium\"><b>Massage femme enceinte<\/b><\/h2>\t\t\t\t<\/div>\n\t\t\t\t<\/div>\n\t\t\t\t<div class=\"elementor-element elementor-element-95e2087 elementor-widget elementor-widget-text-editor\" data-id=\"95e2087\" data-element_type=\"widget\" data-widget_type=\"text-editor.default\">\n\t\t\t\t<div class=\"elementor-widget-container\">\n\t\t\t\t\t\t\t\t\t<p>Massage adapt\u00e9 aux besoins de la femme enceinte (confort de l&rsquo;installation, prise en compte des tensions li\u00e9es \u00e0 la grossesse, accompagnement postural)<\/p><p><strong>1h30 \u2192 90 \u20ac<\/strong> (la s\u00e9ance dure environ 1h45 \u00e0 2h)<\/p><p>Possibilit\u00e9 \u00e9galement d&rsquo;un suivi en <a href=\"https:\/\/massagelise.com\/index.php\/perinatalite\/\">yoga pr\u00e9natal<\/a><\/p>\t\t\t\t\t\t\t\t<\/div>\n\t\t\t\t<\/div>\n\t\t\t\t\t<\/div>\n\t\t<\/div>\n\t\t\t\t\t<\/div>\n\t\t<\/section>\n\t\t\t\t<section class=\"elementor-section elementor-top-section elementor-element elementor-element-f69b5dc elementor-section-boxed elementor-section-height-default elementor-section-height-default\" data-id=\"f69b5dc\" data-element_type=\"section\">\n\t\t\t\t\t\t<div class=\"elementor-container elementor-column-gap-default\">\n\t\t\t\t\t<div class=\"elementor-column elementor-col-100 elementor-top-column elementor-element elementor-element-cd85c2d\" data-id=\"cd85c2d\" data-element_type=\"column\">\n\t\t\t<div class=\"elementor-widget-wrap elementor-element-populated\">\n\t\t\t\t\t\t<div class=\"elementor-element elementor-element-7b25b76 elementor-widget elementor-widget-heading\" data-id=\"7b25b76\" data-element_type=\"widget\" data-widget_type=\"heading.default\">\n\t\t\t\t<div class=\"elementor-widget-container\">\n\t\t\t\t\t<h2 class=\"elementor-heading-title elementor-size-medium\">Offrir un massage<\/h2>\t\t\t\t<\/div>\n\t\t\t\t<\/div>\n\t\t\t\t<div class=\"elementor-element elementor-element-9712762 elementor-widget elementor-widget-text-editor\" data-id=\"9712762\" data-element_type=\"widget\" data-widget_type=\"text-editor.default\">\n\t\t\t\t<div class=\"elementor-widget-container\">\n\t\t\t\t\t\t\t\t\t<p>Commandez une carte cadeau par t\u00e9l\u00e9phone au <a href=\"tel:0766526006\">07 66 52 60 06<\/a> ou par email <a href=\"mailto:contact@massagelise.com\">contact@massagelise.com<\/a><\/p><p>Le r\u00e8glement peut se faire par ch\u00e8que, par virement ou en esp\u00e8ces.<\/p><p><img fetchpriority=\"high\" decoding=\"async\" class=\"alignnone wp-image-704 size-medium\" src=\"http:\/\/massagelise.com\/wp-content\/uploads\/2025\/02\/Bon-Cadeau-Massagelise-300x300.png\" alt=\"\" width=\"300\" height=\"300\" srcset=\"https:\/\/massagelise.com\/wp-content\/uploads\/2025\/02\/Bon-Cadeau-Massagelise-300x300.png 300w, https:\/\/massagelise.com\/wp-content\/uploads\/2025\/02\/Bon-Cadeau-Massagelise-1024x1024.png 1024w, https:\/\/massagelise.com\/wp-content\/uploads\/2025\/02\/Bon-Cadeau-Massagelise-150x150.png 150w, https:\/\/massagelise.com\/wp-content\/uploads\/2025\/02\/Bon-Cadeau-Massagelise-768x768.png 768w, https:\/\/massagelise.com\/wp-content\/uploads\/2025\/02\/Bon-Cadeau-Massagelise.png 1500w\" sizes=\"(max-width: 300px) 100vw, 300px\" \/><\/p>\t\t\t\t\t\t\t\t<\/div>\n\t\t\t\t<\/div>\n\t\t\t\t\t<\/div>\n\t\t<\/div>\n\t\t\t\t\t<\/div>\n\t\t<\/section>\n\t\t\t\t<section class=\"elementor-section elementor-top-section elementor-element elementor-element-50380ec elementor-section-boxed elementor-section-height-default elementor-section-height-default\" data-id=\"50380ec\" data-element_type=\"section\">\n\t\t\t\t\t\t<div class=\"elementor-container elementor-column-gap-default\">\n\t\t\t\t\t<div class=\"elementor-column elementor-col-100 elementor-top-column elementor-element elementor-element-92b5f41\" data-id=\"92b5f41\" data-element_type=\"column\">\n\t\t\t<div class=\"elementor-widget-wrap elementor-element-populated\">\n\t\t\t\t\t\t<div class=\"elementor-element elementor-element-f6c7f7b elementor-widget elementor-widget-heading\" data-id=\"f6c7f7b\" data-element_type=\"widget\" data-widget_type=\"heading.default\">\n\t\t\t\t<div class=\"elementor-widget-container\">\n\t\t\t\t\t<h2 class=\"elementor-heading-title elementor-size-medium\"><a href=\"http:\/\/massagelise.com\/index.php\/perinatalite\/\"><b>Yoga pr\u00e9natal - mobilit\u00e9 et posture<\/b><\/a><\/h2>\t\t\t\t<\/div>\n\t\t\t\t<\/div>\n\t\t\t\t<div class=\"elementor-element elementor-element-6d974e9 elementor-widget elementor-widget-text-editor\" data-id=\"6d974e9\" data-element_type=\"widget\" data-widget_type=\"text-editor.default\">\n\t\t\t\t<div class=\"elementor-widget-container\">\n\t\t\t\t\t\t\t\t\t<p>\u00a0<strong>S\u00e9ance individuelle &#8211; 1h15 &#8211; 60\u20ac<\/strong><\/p><div><ul><li>Possibilit\u00e9 d\u2019un cours collectif de 3 personnes &#8211; 20\u20ac\/personne<\/li><li>Atelier ponctuel de 2h de transmission des bases posturales (prix \u00e0 d\u00e9finir selon le nombre d&rsquo;inscrites)<\/li><\/ul><div>Cours collectif le mercredi soir \u00e0 19h au Tiers-lieu L&rsquo;arbre (entre Bayeux et Port-en-Bessin) &#8212;&gt; pour acc\u00e9der \u00e0 l&rsquo;agenda, <a href=\"https:\/\/www.tierslieularbre.org\/agenda\">c&rsquo;est ICI<\/a><\/div><\/div>\t\t\t\t\t\t\t\t<\/div>\n\t\t\t\t<\/div>\n\t\t\t\t\t<\/div>\n\t\t<\/div>\n\t\t\t\t\t<\/div>\n\t\t<\/section>\n\t\t\t\t<\/div>\n\t\t","protected":false},"excerpt":{"rendered":"<p>La s\u00e9ance Massage personnalis\u00e9 selon vos besoins du jour 1h30 \u2192 90 \u20ac (la s\u00e9ance dure environ 1h45 \u00e0 2h) \u00a0*Je propose un tarif solidaire sur demande. Merci de me contacter pour en discuter. Massage femme enceinte Massage adapt\u00e9 aux besoins de la femme enceinte (confort de l&rsquo;installation, prise en compte des tensions li\u00e9es \u00e0 &hellip; <\/p>\n<p class=\"link-more\"><a href=\"https:\/\/massagelise.com\/index.php\/tarifs\/\" class=\"more-link\">Lire la suite de<span class=\"screen-reader-text\">\u00ab\u00a0Tarifs\u00a0\u00bb<\/span><\/a><\/p>\n","protected":false},"author":1,"featured_media":571,"parent":0,"menu_order":0,"comment_status":"closed","ping_status":"closed","template":"","meta":{"footnotes":""},"class_list":["post-175","page","type-page","status-publish","has-post-thumbnail","hentry"],"_links":{"self":[{"href":"https:\/\/massagelise.com\/index.php\/wp-json\/wp\/v2\/pages\/175","targetHints":{"allow":["GET"]}}],"collection":[{"href":"https:\/\/massagelise.com\/index.php\/wp-json\/wp\/v2\/pages"}],"about":[{"href":"https:\/\/massagelise.com\/index.php\/wp-json\/wp\/v2\/types\/page"}],"author":[{"embeddable":true,"href":"https:\/\/massagelise.com\/index.php\/wp-json\/wp\/v2\/users\/1"}],"replies":[{"embeddable":true,"href":"https:\/\/massagelise.com\/index.php\/wp-json\/wp\/v2\/comments?post=175"}],"version-history":[{"count":134,"href":"https:\/\/massagelise.com\/index.php\/wp-json\/wp\/v2\/pages\/175\/revisions"}],"predecessor-version":[{"id":994,"href":"https:\/\/massagelise.com\/index.php\/wp-json\/wp\/v2\/pages\/175\/revisions\/994"}],"wp:featuredmedia":[{"embeddable":true,"href":"https:\/\/massagelise.com\/index.php\/wp-json\/wp\/v2\/media\/571"}],"wp:attachment":[{"href":"https:\/\/massagelise.com\/index.php\/wp-json\/wp\/v2\/media?parent=175"}],"curies":[{"name":"wp","href":"https:\/\/api.w.org\/{rel}","templated":true}]}}