{"id":879,"date":"2025-03-06T11:34:28","date_gmt":"2025-03-06T10:34:28","guid":{"rendered":"http:\/\/massagelise.com\/?page_id=879"},"modified":"2025-03-31T11:00:45","modified_gmt":"2025-03-31T09:00:45","slug":"me-contacter","status":"publish","type":"page","link":"https:\/\/massagelise.com\/index.php\/me-contacter\/","title":{"rendered":"Me contacter"},"content":{"rendered":"\t\t<div data-elementor-type=\"wp-page\" data-elementor-id=\"879\" class=\"elementor elementor-879\">\n\t\t\t\t\t\t<section class=\"elementor-section elementor-top-section elementor-element elementor-element-0ea9fbd elementor-section-boxed elementor-section-height-default elementor-section-height-default\" data-id=\"0ea9fbd\" data-element_type=\"section\">\n\t\t\t\t\t\t<div class=\"elementor-container elementor-column-gap-default\">\n\t\t\t\t\t<div class=\"elementor-column elementor-col-100 elementor-top-column elementor-element elementor-element-5cc0b54\" data-id=\"5cc0b54\" data-element_type=\"column\">\n\t\t\t<div class=\"elementor-widget-wrap elementor-element-populated\">\n\t\t\t\t\t\t<div class=\"elementor-element elementor-element-1e6a154 animated-slow elementor-invisible elementor-widget elementor-widget-heading\" data-id=\"1e6a154\" data-element_type=\"widget\" data-settings=\"{&quot;_animation&quot;:&quot;fadeIn&quot;}\" data-widget_type=\"heading.default\">\n\t\t\t\t<div class=\"elementor-widget-container\">\n\t\t\t\t\t<h2 class=\"elementor-heading-title elementor-size-default\">Me contacter<\/h2>\t\t\t\t<\/div>\n\t\t\t\t<\/div>\n\t\t\t\t\t<\/div>\n\t\t<\/div>\n\t\t\t\t\t<\/div>\n\t\t<\/section>\n\t\t\t\t<section class=\"elementor-section elementor-top-section elementor-element elementor-element-cc5458d elementor-section-boxed elementor-section-height-default elementor-section-height-default\" data-id=\"cc5458d\" data-element_type=\"section\">\n\t\t\t\t\t\t<div class=\"elementor-container elementor-column-gap-default\">\n\t\t\t\t\t<div class=\"elementor-column elementor-col-100 elementor-top-column elementor-element elementor-element-0a4bb95\" data-id=\"0a4bb95\" data-element_type=\"column\">\n\t\t\t<div class=\"elementor-widget-wrap elementor-element-populated\">\n\t\t\t\t\t\t<div class=\"elementor-element elementor-element-385a221 elementor-widget elementor-widget-text-editor\" data-id=\"385a221\" data-element_type=\"widget\" data-widget_type=\"text-editor.default\">\n\t\t\t\t<div class=\"elementor-widget-container\">\n\t\t\t\t\t\t\t\t\t<p>Vous pouvez me joindre par t\u00e9l\u00e9phone au <a href=\"tel:+33766526006\">07 66 52 60 06<\/a> ou par mail \u00e0 l&rsquo;adresse <a href=\"mailto:contact@massagelise.com\">contact@massagelise.com<\/a> pour prendre RDV ou pour toute question.<\/p><p>\u00a0<\/p><p>Je pratique \u00e0 mon domicile sur la commune de Vaucelles, \u00e0 50m de Bayeux.<\/p><p>\u00a0<\/p><p>Je suis \u00e9galement en d\u00e9placement sur Paris, o\u00f9 je loue un cabinet ponctuellement.<\/p>\t\t\t\t\t\t\t\t<\/div>\n\t\t\t\t<\/div>\n\t\t\t\t\t<\/div>\n\t\t<\/div>\n\t\t\t\t\t<\/div>\n\t\t<\/section>\n\t\t\t\t<section class=\"elementor-section elementor-top-section elementor-element elementor-element-bc257c6 elementor-section-boxed elementor-section-height-default elementor-section-height-default\" data-id=\"bc257c6\" data-element_type=\"section\">\n\t\t\t\t\t\t<div class=\"elementor-container elementor-column-gap-default\">\n\t\t\t\t\t<div class=\"elementor-column elementor-col-100 elementor-top-column elementor-element elementor-element-a18f7fd\" data-id=\"a18f7fd\" data-element_type=\"column\">\n\t\t\t<div class=\"elementor-widget-wrap elementor-element-populated\">\n\t\t\t\t\t\t<div class=\"elementor-element elementor-element-fc72209 elementor-widget elementor-widget-google_maps\" data-id=\"fc72209\" data-element_type=\"widget\" data-widget_type=\"google_maps.default\">\n\t\t\t\t<div class=\"elementor-widget-container\">\n\t\t\t\t\t\t\t<div class=\"elementor-custom-embed\">\n\t\t\t<iframe loading=\"lazy\"\n\t\t\t\t\tsrc=\"https:\/\/maps.google.com\/maps?q=3%20rue%20Morin%20de%20la%20Rivi%C3%A8re%2014400%20vaucelles&#038;t=m&#038;z=13&#038;output=embed&#038;iwloc=near\"\n\t\t\t\t\ttitle=\"3 rue Morin de la Rivi\u00e8re 14400 vaucelles\"\n\t\t\t\t\taria-label=\"3 rue Morin de la Rivi\u00e8re 14400 vaucelles\"\n\t\t\t><\/iframe>\n\t\t<\/div>\n\t\t\t\t\t\t<\/div>\n\t\t\t\t<\/div>\n\t\t\t\t\t<\/div>\n\t\t<\/div>\n\t\t\t\t\t<\/div>\n\t\t<\/section>\n\t\t\t\t<section class=\"elementor-section elementor-top-section elementor-element elementor-element-b944d0b elementor-section-boxed elementor-section-height-default elementor-section-height-default\" data-id=\"b944d0b\" data-element_type=\"section\">\n\t\t\t\t\t\t<div class=\"elementor-container elementor-column-gap-default\">\n\t\t\t\t\t<div class=\"elementor-column elementor-col-100 elementor-top-column elementor-element elementor-element-83f5b8e\" data-id=\"83f5b8e\" data-element_type=\"column\">\n\t\t\t<div class=\"elementor-widget-wrap elementor-element-populated\">\n\t\t\t\t\t\t<div class=\"elementor-element elementor-element-8e325b8 elementor-align-center elementor-widget elementor-widget-button\" data-id=\"8e325b8\" data-element_type=\"widget\" data-widget_type=\"button.default\">\n\t\t\t\t<div class=\"elementor-widget-container\">\n\t\t\t\t\t\t\t\t\t<div class=\"elementor-button-wrapper\">\n\t\t\t\t\t<a class=\"elementor-button elementor-button-link elementor-size-sm\" href=\"http:\/\/www.massagelise.com\/\" id=\"http:\/\/massagelise.com\/\">\n\t\t\t\t\t\t<span class=\"elementor-button-content-wrapper\">\n\t\t\t\t\t\t<span class=\"elementor-button-icon\">\n\t\t\t\t<i aria-hidden=\"true\" class=\"fas fa-arrow-up\"><\/i>\t\t\t<\/span>\n\t\t\t\t\t\t\t\t<\/span>\n\t\t\t\t\t<\/a>\n\t\t\t\t<\/div>\n\t\t\t\t\t\t\t\t<\/div>\n\t\t\t\t<\/div>\n\t\t\t\t\t<\/div>\n\t\t<\/div>\n\t\t\t\t\t<\/div>\n\t\t<\/section>\n\t\t\t\t<\/div>\n\t\t","protected":false},"excerpt":{"rendered":"<p>Me contacter Vous pouvez me joindre par t\u00e9l\u00e9phone au 07 66 52 60 06 ou par mail \u00e0 l&rsquo;adresse contact@massagelise.com pour prendre RDV ou pour toute question. \u00a0 Je pratique \u00e0 mon domicile sur la commune de Vaucelles, \u00e0 50m de Bayeux. \u00a0 Je suis \u00e9galement en d\u00e9placement sur Paris, o\u00f9 je loue un cabinet &hellip; <\/p>\n<p class=\"link-more\"><a href=\"https:\/\/massagelise.com\/index.php\/me-contacter\/\" class=\"more-link\">Lire la suite de<span class=\"screen-reader-text\">\u00ab\u00a0Me contacter\u00a0\u00bb<\/span><\/a><\/p>\n","protected":false},"author":1,"featured_media":418,"parent":0,"menu_order":0,"comment_status":"closed","ping_status":"closed","template":"","meta":{"footnotes":""},"class_list":["post-879","page","type-page","status-publish","has-post-thumbnail","hentry"],"_links":{"self":[{"href":"https:\/\/massagelise.com\/index.php\/wp-json\/wp\/v2\/pages\/879","targetHints":{"allow":["GET"]}}],"collection":[{"href":"https:\/\/massagelise.com\/index.php\/wp-json\/wp\/v2\/pages"}],"about":[{"href":"https:\/\/massagelise.com\/index.php\/wp-json\/wp\/v2\/types\/page"}],"author":[{"embeddable":true,"href":"https:\/\/massagelise.com\/index.php\/wp-json\/wp\/v2\/users\/1"}],"replies":[{"embeddable":true,"href":"https:\/\/massagelise.com\/index.php\/wp-json\/wp\/v2\/comments?post=879"}],"version-history":[{"count":22,"href":"https:\/\/massagelise.com\/index.php\/wp-json\/wp\/v2\/pages\/879\/revisions"}],"predecessor-version":[{"id":927,"href":"https:\/\/massagelise.com\/index.php\/wp-json\/wp\/v2\/pages\/879\/revisions\/927"}],"wp:featuredmedia":[{"embeddable":true,"href":"https:\/\/massagelise.com\/index.php\/wp-json\/wp\/v2\/media\/418"}],"wp:attachment":[{"href":"https:\/\/massagelise.com\/index.php\/wp-json\/wp\/v2\/media?parent=879"}],"curies":[{"name":"wp","href":"https:\/\/api.w.org\/{rel}","templated":true}]}}